{"id":37416,"date":"2018-07-17T10:07:09","date_gmt":"2018-07-17T08:07:09","guid":{"rendered":"https:\/\/romocean.com\/portugal-north-africa-service\/"},"modified":"2018-07-17T10:07:09","modified_gmt":"2018-07-17T08:07:09","slug":"portugal-north-africa-service","status":"publish","type":"page","link":"https:\/\/romocean.com\/fr\/portugal-north-africa-service\/","title":{"rendered":"PORTUGAL NORTH AFRICA SERVICE"},"content":{"rendered":"<p>[et_pb_section fb_built=\u00a0\u00bb1&Prime; _builder_version=\u00a0\u00bb4.4.8&Prime; background_enable_image=\u00a0\u00bboff\u00a0\u00bb custom_margin=\u00a0\u00bb0px||0px||true|false\u00a0\u00bb custom_padding=\u00a0\u00bb0px|0px|0px|0px|true|false\u00a0\u00bb hover_enabled=\u00a0\u00bb0&Prime;][et_pb_row use_custom_gutter=\u00a0\u00bbon\u00a0\u00bb gutter_width=\u00a0\u00bb1&Prime; disabled_on=\u00a0\u00bboff|off|off\u00a0\u00bb module_class=\u00a0\u00bb et_pb_row_fullwidth\u00a0\u00bb _builder_version=\u00a0\u00bb4.4.8&Prime; width=\u00a0\u00bb100%\u00a0\u00bb width_tablet=\u00a0\u00bb100%\u00a0\u00bb width_phone=\u00a0\u00bb\u00a0\u00bb width_last_edited=\u00a0\u00bbon|desktop\u00a0\u00bb max_width=\u00a0\u00bb100%\u00a0\u00bb max_width_tablet=\u00a0\u00bb100%\u00a0\u00bb max_width_phone=\u00a0\u00bb\u00a0\u00bb max_width_last_edited=\u00a0\u00bbon|desktop\u00a0\u00bb custom_margin=\u00a0\u00bb0px||0px||true|false\u00a0\u00bb custom_padding=\u00a0\u00bb0|0px|0px|0px|false|false\u00a0\u00bb hover_enabled=\u00a0\u00bb0&Prime; make_fullwidth=\u00a0\u00bbon\u00a0\u00bb][et_pb_column type=\u00a0\u00bb4_4&Prime; _builder_version=\u00a0\u00bb4.4.8&Prime; custom_padding=\u00a0\u00bb0px||0px||true|false\u00a0\u00bb custom_padding__hover=\u00a0\u00bb|||\u00a0\u00bb][et_pb_image src=\u00a0\u00bbhttps:\/\/romocean.com\/wp-content\/uploads\/2020\/07\/PNAS.jpg\u00a0\u00bb alt=\u00a0\u00bbPNAS &#8211; NVOCC\u00a0\u00bb title_text=\u00a0\u00bbPNAS &#8211; NVOCC\u00a0\u00bb align=\u00a0\u00bbcenter\u00a0\u00bb force_fullwidth=\u00a0\u00bbon\u00a0\u00bb align_tablet=\u00a0\u00bbcenter\u00a0\u00bb align_phone=\u00a0\u00bb\u00a0\u00bb align_last_edited=\u00a0\u00bbon|desktop\u00a0\u00bb _builder_version=\u00a0\u00bb4.4.8&Prime; background_enable_color=\u00a0\u00bboff\u00a0\u00bb background_enable_image=\u00a0\u00bboff\u00a0\u00bb parallax=\u00a0\u00bbon\u00a0\u00bb custom_margin=\u00a0\u00bb0px||0px||true|false\u00a0\u00bb custom_padding=\u00a0\u00bb0px||0px||true|false\u00a0\u00bb hover_enabled=\u00a0\u00bb0&Prime;][\/et_pb_image][\/et_pb_column][\/et_pb_row][\/et_pb_section][et_pb_section fb_built=\u00a0\u00bb1&Prime; _builder_version=\u00a0\u00bb4.4.8&Prime; custom_margin=\u00a0\u00bb-5px|||||\u00a0\u00bb custom_padding=\u00a0\u00bb35px||35px|||\u00a0\u00bb collapsed=\u00a0\u00bbon\u00a0\u00bb][et_pb_row _builder_version=\u00a0\u00bb4.4.8&Prime;][et_pb_column type=\u00a0\u00bb4_4&Prime; _builder_version=\u00a0\u00bb4.4.8&Prime;][et_pb_post_title meta=\u00a0\u00bboff\u00a0\u00bb featured_image=\u00a0\u00bboff\u00a0\u00bb _builder_version=\u00a0\u00bb4.4.8&Prime; title_text_align=\u00a0\u00bbcenter\u00a0\u00bb][\/et_pb_post_title][\/et_pb_column][\/et_pb_row][\/et_pb_section][et_pb_section fb_built=\u00a0\u00bb1&Prime; _builder_version=\u00a0\u00bb3.22.3&Prime; custom_padding=\u00a0\u00bb35px|||||\u00a0\u00bb hover_enabled=\u00a0\u00bb0&Prime; collapsed=\u00a0\u00bbon\u00a0\u00bb][et_pb_row disabled_on=\u00a0\u00bboff|off|off\u00a0\u00bb _builder_version=\u00a0\u00bb4.4.8&Prime; hover_enabled=\u00a0\u00bb0&Prime;][et_pb_column type=\u00a0\u00bb4_4&Prime; _builder_version=\u00a0\u00bb3.25&Prime; custom_padding=\u00a0\u00bb|||\u00a0\u00bb custom_padding__hover=\u00a0\u00bb|||\u00a0\u00bb][et_pb_text _builder_version=\u00a0\u00bb4.4.8&Prime; hover_enabled=\u00a0\u00bb0&Prime;]<\/p>\n<table class=\"dcf-table dcf-table-responsive dcf-table-bordered dcf-table-striped dcf-w-100%\">\n<caption><\/caption>\n<thead>\n<tr>\n<th scope=\"col\" data-label=\"POL\">POL<\/th>\n<th scope=\"col\" data-label=\"POL COUNTRY\">POL COUNTRY<\/th>\n<th scope=\"col\" data-label=\"POD\">POD<\/th>\n<th scope=\"col\" data-label=\"POD COUNTRY\">POD COUNTRY<\/th>\n<th scope=\"col\" data-label=\"SERVICE\">SERVICE<\/th>\n<th scope=\"col\" data-label=\"TT\">TT<\/th>\n<\/tr>\n<\/thead>\n<tbody>\n<tr>\n<td data-label=\"POL\">LISBON<\/td>\n<td data-label=\"POL COUNTRY\">PORTUGAL<\/td>\n<td data-label=\"POD\">RADES<\/td>\n<td data-label=\"POD COUNTRY\">TUNIS<\/td>\n<td data-label=\"SERVICE\">ALGECIRAS<\/td>\n<td data-label=\"TT\"><\/td>\n<\/tr>\n<tr>\n<td data-label=\"POL\">LEIXOES<\/td>\n<td data-label=\"POL COUNTRY\">PORTUGAL<\/td>\n<td data-label=\"POD\">RADES<\/td>\n<td data-label=\"POD COUNTRY\">TUNIS<\/td>\n<td data-label=\"SERVICE\">ALGECIRAS<\/td>\n<td data-label=\"TT\"><\/td>\n<\/tr>\n<tr>\n<td data-label=\"POL\">LISBON<\/td>\n<td data-label=\"POL COUNTRY\">PORTUGAL<\/td>\n<td data-label=\"POD\">ARGEL<\/td>\n<td data-label=\"POD COUNTRY\">ARGELIA<\/td>\n<td data-label=\"SERVICE\">VALENCIA<\/td>\n<td data-label=\"TT\"><\/td>\n<\/tr>\n<tr>\n<td data-label=\"POL\">LEIXOES<\/td>\n<td data-label=\"POL COUNTRY\">PORTUGAL<\/td>\n<td data-label=\"POD\">ARGEL<\/td>\n<td data-label=\"POD COUNTRY\">ARGELIA<\/td>\n<td data-label=\"SERVICE\">VALENCIA<\/td>\n<td data-label=\"TT\"><\/td>\n<\/tr>\n<tr>\n<td data-label=\"POL\">LISBON<\/td>\n<td data-label=\"POL COUNTRY\">PORTUGAL<\/td>\n<td data-label=\"POD\">ORAN<\/td>\n<td data-label=\"POD COUNTRY\">ARGELIA<\/td>\n<td data-label=\"SERVICE\">VALENCIA<\/td>\n<td data-label=\"TT\"><\/td>\n<\/tr>\n<tr>\n<td data-label=\"POL\">LEIXOES<\/td>\n<td data-label=\"POL COUNTRY\">PORTUGAL<\/td>\n<td data-label=\"POD\">ORAN<\/td>\n<td data-label=\"POD COUNTRY\">ARGELIA<\/td>\n<td data-label=\"SERVICE\">VALENCIA<\/td>\n<td data-label=\"TT\"><\/td>\n<\/tr>\n<tr>\n<td data-label=\"POL\"><\/td>\n<td data-label=\"POL COUNTRY\"><\/td>\n<td data-label=\"POD\"><\/td>\n<td data-label=\"POD COUNTRY\"><\/td>\n<td data-label=\"SERVICE\"><\/td>\n<td data-label=\"TT\"><\/td>\n<\/tr>\n<tr>\n<td data-label=\"POL\">RADES<\/td>\n<td data-label=\"POL COUNTRY\">TUNIS<\/td>\n<td data-label=\"POD\">LISBON<\/td>\n<td data-label=\"POD COUNTRY\">PORTUGAL<\/td>\n<td data-label=\"SERVICE\">ALGECIRAS<\/td>\n<td data-label=\"TT\"><\/td>\n<\/tr>\n<tr>\n<td data-label=\"POL\">RADES<\/td>\n<td data-label=\"POL COUNTRY\">TUNIS<\/td>\n<td data-label=\"POD\">LEIXOES<\/td>\n<td data-label=\"POD COUNTRY\">PORTUGAL<\/td>\n<td data-label=\"SERVICE\">ALGECIRAS<\/td>\n<td data-label=\"TT\"><\/td>\n<\/tr>\n<tr>\n<td data-label=\"POL\">ARGEL<\/td>\n<td data-label=\"POL COUNTRY\">ARGELIA<\/td>\n<td data-label=\"POD\">LISBON<\/td>\n<td data-label=\"POD COUNTRY\">PORTUGAL<\/td>\n<td data-label=\"SERVICE\">VALENCIA<\/td>\n<td data-label=\"TT\"><\/td>\n<\/tr>\n<tr>\n<td data-label=\"POL\">ARGEL<\/td>\n<td data-label=\"POL COUNTRY\">ARGELIA<\/td>\n<td data-label=\"POD\">LEIXOES<\/td>\n<td data-label=\"POD COUNTRY\">PORTUGAL<\/td>\n<td data-label=\"SERVICE\">VALENCIA<\/td>\n<td data-label=\"TT\"><\/td>\n<\/tr>\n<tr>\n<td data-label=\"POL\">ORAN<\/td>\n<td data-label=\"POL COUNTRY\">ARGELIA<\/td>\n<td data-label=\"POD\">LISBON<\/td>\n<td data-label=\"POD COUNTRY\">PORTUGAL<\/td>\n<td data-label=\"SERVICE\">VALENCIA<\/td>\n<td data-label=\"TT\"><\/td>\n<\/tr>\n<tr>\n<td data-label=\"POL\">ORAN<\/td>\n<td data-label=\"POL COUNTRY\">ARGELIA<\/td>\n<td data-label=\"POD\">LEIXOES<\/td>\n<td data-label=\"POD COUNTRY\">PORTUGAL<\/td>\n<td data-label=\"SERVICE\">VALENCIA<\/td>\n<td data-label=\"TT\"><\/td>\n<\/tr>\n<\/tbody>\n<\/table>\n<p>[\/et_pb_text][\/et_pb_column][\/et_pb_row][\/et_pb_section]<\/p>\n","protected":false},"excerpt":{"rendered":"<p>POL POL COUNTRY POD POD COUNTRY SERVICE TT LISBON PORTUGAL RADES TUNIS ALGECIRAS LEIXOES PORTUGAL RADES TUNIS ALGECIRAS LISBON PORTUGAL ARGEL ARGELIA VALENCIA LEIXOES PORTUGAL ARGEL ARGELIA VALENCIA LISBON PORTUGAL ORAN ARGELIA VALENCIA LEIXOES PORTUGAL ORAN ARGELIA VALENCIA RADES TUNIS LISBON PORTUGAL ALGECIRAS RADES TUNIS LEIXOES PORTUGAL ALGECIRAS ARGEL ARGELIA LISBON PORTUGAL VALENCIA ARGEL ARGELIA [&hellip;]<\/p>\n","protected":false},"author":5,"featured_media":0,"parent":0,"menu_order":0,"comment_status":"closed","ping_status":"closed","template":"","meta":{"_et_pb_use_builder":"on","_et_pb_old_content":"","_et_gb_content_width":"","footnotes":""},"class_list":["post-37416","page","type-page","status-publish","hentry"],"yoast_head":"<!-- This site is optimized with the Yoast SEO plugin v27.0 - https:\/\/yoast.com\/product\/yoast-seo-wordpress\/ -->\n<title>PORTUGAL NORTH AFRICA SERVICE - Romocean - Agente NVOCC para Espa\u00f1a y el Norte de \u00c1frica<\/title>\n<meta name=\"robots\" content=\"index, follow, max-snippet:-1, max-image-preview:large, max-video-preview:-1\" \/>\n<link rel=\"canonical\" href=\"https:\/\/romocean.com\/fr\/portugal-north-africa-service\/\" \/>\n<meta property=\"og:locale\" content=\"fr_FR\" \/>\n<meta property=\"og:type\" content=\"article\" \/>\n<meta property=\"og:title\" content=\"PORTUGAL NORTH AFRICA SERVICE - Romocean - Agente NVOCC para Espa\u00f1a y el Norte de \u00c1frica\" \/>\n<meta property=\"og:description\" content=\"POL POL COUNTRY POD POD COUNTRY SERVICE TT LISBON PORTUGAL RADES TUNIS ALGECIRAS LEIXOES PORTUGAL RADES TUNIS ALGECIRAS LISBON PORTUGAL ARGEL ARGELIA VALENCIA LEIXOES PORTUGAL ARGEL ARGELIA VALENCIA LISBON PORTUGAL ORAN ARGELIA VALENCIA LEIXOES PORTUGAL ORAN ARGELIA VALENCIA RADES TUNIS LISBON PORTUGAL ALGECIRAS RADES TUNIS LEIXOES PORTUGAL ALGECIRAS ARGEL ARGELIA LISBON PORTUGAL VALENCIA ARGEL ARGELIA [&hellip;]\" \/>\n<meta property=\"og:url\" content=\"https:\/\/romocean.com\/fr\/portugal-north-africa-service\/\" \/>\n<meta property=\"og:site_name\" content=\"Romocean - Agente NVOCC para Espa\u00f1a y el Norte de \u00c1frica\" \/>\n<meta name=\"twitter:card\" content=\"summary_large_image\" \/>\n<meta name=\"twitter:label1\" content=\"Dur\u00e9e de lecture estim\u00e9e\" \/>\n\t<meta name=\"twitter:data1\" content=\"2 minutes\" \/>\n<script type=\"application\/ld+json\" class=\"yoast-schema-graph\">{\"@context\":\"https:\/\/schema.org\",\"@graph\":[{\"@type\":\"WebPage\",\"@id\":\"https:\/\/romocean.com\/fr\/portugal-north-africa-service\/\",\"url\":\"https:\/\/romocean.com\/fr\/portugal-north-africa-service\/\",\"name\":\"PORTUGAL NORTH AFRICA SERVICE - Romocean - Agente NVOCC para Espa\u00f1a y el Norte de \u00c1frica\",\"isPartOf\":{\"@id\":\"https:\/\/romocean.com\/#website\"},\"datePublished\":\"2018-07-17T08:07:09+00:00\",\"breadcrumb\":{\"@id\":\"https:\/\/romocean.com\/fr\/portugal-north-africa-service\/#breadcrumb\"},\"inLanguage\":\"fr-FR\",\"potentialAction\":[{\"@type\":\"ReadAction\",\"target\":[\"https:\/\/romocean.com\/fr\/portugal-north-africa-service\/\"]}]},{\"@type\":\"BreadcrumbList\",\"@id\":\"https:\/\/romocean.com\/fr\/portugal-north-africa-service\/#breadcrumb\",\"itemListElement\":[{\"@type\":\"ListItem\",\"position\":1,\"name\":\"Portada\",\"item\":\"https:\/\/romocean.com\/fr\/\"},{\"@type\":\"ListItem\",\"position\":2,\"name\":\"PORTUGAL NORTH AFRICA SERVICE\"}]},{\"@type\":\"WebSite\",\"@id\":\"https:\/\/romocean.com\/#website\",\"url\":\"https:\/\/romocean.com\/\",\"name\":\"Romocean - Agente NVOCC para Espa\u00f1a y el Norte de \u00c1frica\",\"description\":\"RomOcean es el mayor agente NVOCC (Non Vessel Operating Common Carrier) con la mayor oferta de servicios regulares de consolidaci\u00f3n mar\u00edtima para env\u00edos en representaci\u00f3n del consignatario de buques.\",\"potentialAction\":[{\"@type\":\"SearchAction\",\"target\":{\"@type\":\"EntryPoint\",\"urlTemplate\":\"https:\/\/romocean.com\/?s={search_term_string}\"},\"query-input\":{\"@type\":\"PropertyValueSpecification\",\"valueRequired\":true,\"valueName\":\"search_term_string\"}}],\"inLanguage\":\"fr-FR\"}]}<\/script>\n<!-- \/ Yoast SEO plugin. -->","yoast_head_json":{"title":"PORTUGAL NORTH AFRICA SERVICE - Romocean - Agente NVOCC para Espa\u00f1a y el Norte de \u00c1frica","robots":{"index":"index","follow":"follow","max-snippet":"max-snippet:-1","max-image-preview":"max-image-preview:large","max-video-preview":"max-video-preview:-1"},"canonical":"https:\/\/romocean.com\/fr\/portugal-north-africa-service\/","og_locale":"fr_FR","og_type":"article","og_title":"PORTUGAL NORTH AFRICA SERVICE - Romocean - Agente NVOCC para Espa\u00f1a y el Norte de \u00c1frica","og_description":"POL POL COUNTRY POD POD COUNTRY SERVICE TT LISBON PORTUGAL RADES TUNIS ALGECIRAS LEIXOES PORTUGAL RADES TUNIS ALGECIRAS LISBON PORTUGAL ARGEL ARGELIA VALENCIA LEIXOES PORTUGAL ARGEL ARGELIA VALENCIA LISBON PORTUGAL ORAN ARGELIA VALENCIA LEIXOES PORTUGAL ORAN ARGELIA VALENCIA RADES TUNIS LISBON PORTUGAL ALGECIRAS RADES TUNIS LEIXOES PORTUGAL ALGECIRAS ARGEL ARGELIA LISBON PORTUGAL VALENCIA ARGEL ARGELIA [&hellip;]","og_url":"https:\/\/romocean.com\/fr\/portugal-north-africa-service\/","og_site_name":"Romocean - Agente NVOCC para Espa\u00f1a y el Norte de \u00c1frica","twitter_card":"summary_large_image","twitter_misc":{"Dur\u00e9e de lecture estim\u00e9e":"2 minutes"},"schema":{"@context":"https:\/\/schema.org","@graph":[{"@type":"WebPage","@id":"https:\/\/romocean.com\/fr\/portugal-north-africa-service\/","url":"https:\/\/romocean.com\/fr\/portugal-north-africa-service\/","name":"PORTUGAL NORTH AFRICA SERVICE - Romocean - Agente NVOCC para Espa\u00f1a y el Norte de \u00c1frica","isPartOf":{"@id":"https:\/\/romocean.com\/#website"},"datePublished":"2018-07-17T08:07:09+00:00","breadcrumb":{"@id":"https:\/\/romocean.com\/fr\/portugal-north-africa-service\/#breadcrumb"},"inLanguage":"fr-FR","potentialAction":[{"@type":"ReadAction","target":["https:\/\/romocean.com\/fr\/portugal-north-africa-service\/"]}]},{"@type":"BreadcrumbList","@id":"https:\/\/romocean.com\/fr\/portugal-north-africa-service\/#breadcrumb","itemListElement":[{"@type":"ListItem","position":1,"name":"Portada","item":"https:\/\/romocean.com\/fr\/"},{"@type":"ListItem","position":2,"name":"PORTUGAL NORTH AFRICA SERVICE"}]},{"@type":"WebSite","@id":"https:\/\/romocean.com\/#website","url":"https:\/\/romocean.com\/","name":"Romocean - Agente NVOCC para Espa\u00f1a y el Norte de \u00c1frica","description":"RomOcean es el mayor agente NVOCC (Non Vessel Operating Common Carrier) con la mayor oferta de servicios regulares de consolidaci\u00f3n mar\u00edtima para env\u00edos en representaci\u00f3n del consignatario de buques.","potentialAction":[{"@type":"SearchAction","target":{"@type":"EntryPoint","urlTemplate":"https:\/\/romocean.com\/?s={search_term_string}"},"query-input":{"@type":"PropertyValueSpecification","valueRequired":true,"valueName":"search_term_string"}}],"inLanguage":"fr-FR"}]}},"_links":{"self":[{"href":"https:\/\/romocean.com\/fr\/wp-json\/wp\/v2\/pages\/37416","targetHints":{"allow":["GET"]}}],"collection":[{"href":"https:\/\/romocean.com\/fr\/wp-json\/wp\/v2\/pages"}],"about":[{"href":"https:\/\/romocean.com\/fr\/wp-json\/wp\/v2\/types\/page"}],"author":[{"embeddable":true,"href":"https:\/\/romocean.com\/fr\/wp-json\/wp\/v2\/users\/5"}],"replies":[{"embeddable":true,"href":"https:\/\/romocean.com\/fr\/wp-json\/wp\/v2\/comments?post=37416"}],"version-history":[{"count":0,"href":"https:\/\/romocean.com\/fr\/wp-json\/wp\/v2\/pages\/37416\/revisions"}],"wp:attachment":[{"href":"https:\/\/romocean.com\/fr\/wp-json\/wp\/v2\/media?parent=37416"}],"curies":[{"name":"wp","href":"https:\/\/api.w.org\/{rel}","templated":true}]}}