{"id":37735,"date":"2022-03-27T12:49:41","date_gmt":"2022-03-27T10:49:41","guid":{"rendered":"https:\/\/romocean.com\/?page_id=37735"},"modified":"2022-04-25T16:48:55","modified_gmt":"2022-04-25T14:48:55","slug":"policies","status":"publish","type":"page","link":"https:\/\/romocean.com\/en\/policies\/","title":{"rendered":"Quality policies"},"content":{"rendered":"<p>[et_pb_section fb_built=&#8221;1&#8243; fullwidth=&#8221;on&#8221; _builder_version=&#8221;4.15&#8243; bottom_divider_style=&#8221;slant&#8221; bottom_divider_color=&#8221;#ffffff&#8221; global_colors_info=&#8221;{}&#8221;][et_pb_fullwidth_slider _builder_version=&#8221;4.15.1&#8243; header_font=&#8221;||||||||&#8221; body_font=&#8221;||||||||&#8221; header_font_size_tablet=&#8221;&#8221; header_font_size_phone=&#8221;44px&#8221; header_font_size_last_edited=&#8221;on|desktop&#8221; box_shadow_style=&#8221;preset6&#8243; box_shadow_blur=&#8221;10px&#8221; box_shadow_color=&#8221;rgba(0,0,0,0.1)&#8221; global_colors_info=&#8221;{}&#8221; button_text_size__hover_enabled=&#8221;off&#8221; button_one_text_size__hover_enabled=&#8221;off&#8221; button_two_text_size__hover_enabled=&#8221;off&#8221; button_text_color__hover_enabled=&#8221;off&#8221; button_one_text_color__hover_enabled=&#8221;off&#8221; button_two_text_color__hover_enabled=&#8221;off&#8221; button_border_width__hover_enabled=&#8221;off&#8221; button_one_border_width__hover_enabled=&#8221;off&#8221; button_two_border_width__hover_enabled=&#8221;off&#8221; button_border_color__hover_enabled=&#8221;off&#8221; button_one_border_color__hover_enabled=&#8221;off&#8221; button_two_border_color__hover_enabled=&#8221;off&#8221; button_border_radius__hover_enabled=&#8221;off&#8221; button_one_border_radius__hover_enabled=&#8221;off&#8221; button_two_border_radius__hover_enabled=&#8221;off&#8221; button_letter_spacing__hover_enabled=&#8221;off&#8221; button_one_letter_spacing__hover_enabled=&#8221;off&#8221; button_two_letter_spacing__hover_enabled=&#8221;off&#8221; button_bg_color__hover_enabled=&#8221;off&#8221; button_one_bg_color__hover_enabled=&#8221;off&#8221; button_two_bg_color__hover_enabled=&#8221;off&#8221;][et_pb_slide heading=&#8221;MANGEMENT &amp; QUALITY POLICIES&#8221; use_bg_overlay=&#8221;off&#8221; arrows_custom_color=&#8221;#007a44&#8243; dot_nav_custom_color=&#8221;#007a44&#8243; _builder_version=&#8221;4.15.1&#8243; header_level=&#8221;h1&#8243; header_font=&#8221;|700|||||||&#8221; header_text_color=&#8221;#ffffff&#8221; header_font_size=&#8221;88px&#8221; header_letter_spacing=&#8221;-5px&#8221; background_color=&#8221;#ffffff&#8221; background_color_gradient_direction=&#8221;345deg&#8221; background_image=&#8221;https:\/\/romocean.com\/wp-content\/uploads\/2018\/04\/clement-gerbaud-478780-unsplash.jpeg&#8221; background_blend=&#8221;multiply&#8221; custom_button=&#8221;on&#8221; button_text_color=&#8221;#ffffff&#8221; button_bg_color=&#8221;#07aa4f&#8221; button_bg_use_color_gradient=&#8221;on&#8221; button_bg_color_gradient_start=&#8221;rgba(0,58,22,0.82)&#8221; button_bg_color_gradient_end=&#8221;rgba(0,186,40,0.63)&#8221; button_bg_color_gradient_direction=&#8221;346deg&#8221; button_bg_color_gradient_start_position=&#8221;28%&#8221; button_border_width=&#8221;1px&#8221; button_border_color=&#8221;#007a44&#8243; button_border_radius=&#8221;100px&#8221; button_font=&#8221;||||||||&#8221; text_orientation=&#8221;center&#8221; box_shadow_style_button=&#8221;preset3&#8243; button_border_color_hover=&#8221;#007a44&#8243; button_bg_color_hover=&#8221;#07aa4f&#8221; global_colors_info=&#8221;{}&#8221; button_text_size__hover_enabled=&#8221;off&#8221; button_one_text_size__hover_enabled=&#8221;off&#8221; button_two_text_size__hover_enabled=&#8221;off&#8221; button_text_color__hover_enabled=&#8221;off&#8221; button_one_text_color__hover_enabled=&#8221;off&#8221; button_two_text_color__hover_enabled=&#8221;off&#8221; button_border_width__hover_enabled=&#8221;off&#8221; button_one_border_width__hover_enabled=&#8221;off&#8221; button_two_border_width__hover_enabled=&#8221;off&#8221; button_border_color__hover_enabled=&#8221;on&#8221; button_border_color__hover=&#8221;#007a44&#8243; button_one_border_color__hover_enabled=&#8221;off&#8221; button_two_border_color__hover_enabled=&#8221;off&#8221; button_border_radius__hover_enabled=&#8221;off&#8221; button_one_border_radius__hover_enabled=&#8221;off&#8221; button_two_border_radius__hover_enabled=&#8221;off&#8221; button_letter_spacing__hover_enabled=&#8221;off&#8221; button_one_letter_spacing__hover_enabled=&#8221;off&#8221; button_two_letter_spacing__hover_enabled=&#8221;off&#8221; button_bg_color__hover_enabled=&#8221;on&#8221; button_bg_color__hover=&#8221;#07aa4f&#8221; button_one_bg_color__hover_enabled=&#8221;off&#8221; button_two_bg_color__hover_enabled=&#8221;off&#8221; sticky_transition=&#8221;on&#8221;][\/et_pb_slide][\/et_pb_fullwidth_slider][\/et_pb_section][et_pb_section fb_built=&#8221;1&#8243; _builder_version=&#8221;4.15&#8243; global_colors_info=&#8221;{}&#8221;][et_pb_row _builder_version=&#8221;4.15.1&#8243; _module_preset=&#8221;default&#8221; global_colors_info=&#8221;{}&#8221;][et_pb_column type=&#8221;4_4&#8243; _builder_version=&#8221;4.15.1&#8243; _module_preset=&#8221;default&#8221; global_colors_info=&#8221;{}&#8221;][et_pb_text _builder_version=&#8221;4.15.1&#8243; _module_preset=&#8221;default&#8221; hover_enabled=&#8221;0&#8243; global_colors_info=&#8221;{}&#8221; sticky_enabled=&#8221;0&#8243;]<\/p>\n<h2>MANAGEMENT POLICIES<\/h2>\n<p>\u2022 Romocean is in the way to achieve an efficient and advanced management model. To get to this goal, the most modern concepts will be continuously uploaded into our system that allow us to be at the forefront of the logistics sector.<br \/>\n\u2022 Romocean considers necessary to base all its decisions on objective data. Therefore, the analysis of the available information on the performance of the organization will always be used as a decision tool for the achievement of goals and objectives.<br \/>\n\u2022 Romocean is postulated as a company focused entirely on the client. Therefore, the entire organization will adopt this concept as a maxim when it comes to generating and improving internal structures.<br \/>\n\u2022 Romocean considers transparency as one of the fundamental principles of its relationship with all stakeholders. Therefore, these policies, as well as the company&#8217;s codes of conduct, will be available to those interested parties who may consider pertinent to know them.<br \/>\n\u2022 Romocean takes risk-based thinking as part of the main approaches to its management principles. Therefore, a culture of continuous detection, at all levels of the organization, of risks and opportunities for the business will be promoted, so that management can counteract the former and take advantage of the latter at the right time to facilitate the achievement of the expected results.<br \/>\n\u2022 Romocean sees its quality management system as an important source of competitive advantage. Therefore, the C-Level will support all personnel with responsibilities in the system, so that they have the necessary means and the appropriate communication channels to keep the executives permanently informed about the achievement of the objectives of the system.<br \/>\n\u2022 Romocean is committed to the continuous improvement of its processes as a mean of achieving its goals. Therefore, a culture of participation and feedback from all processes will be promoted to take actions that involve constant progress in their efficiency.<\/p>\n<p>1.2. INNOVATION &amp; TECHNOLOGY POLICIES<\/p>\n<p>\u2022 Romocean is committed to the efficient use of new technologies, as an ideal support for management. Therefore, it will promote the use and learning of software and computers at all levels of the organization.<br \/>\n\u2022 Romocean is committed to innovation as an element to generate differentiation and competitive advantages. Therefore, the generation of new ideas and new concepts will be promoted in all staff for all activities, especially those aimed directly at the customer, as well as the permanent search for new services.<\/p>\n<p>1.3. MARKETING &amp; SALES POLICIES<\/p>\n<p>\u2022 Romocean believes that customer loyalty is an essential aspect for the future of the business, according to the model adopted. Therefore, a long-term relationship with customers must always be fostered, through proactive decisions and actions throughout the commercial activity.<br \/>\n\u2022 Romocean has as a fundamental distinctive element the care of customer experience, in all its services. Specific guidelines will therefore be applied and ongoing training will be promoted to encourage continuous improvement in this realm.<br \/>\n\u2022 Romocean considers that any information about the market situation and the environment is positive for the improvement of its own solutions. Therefore, all the staff should always be alert and aware to any information they may obtain, either in the form of new customer concerns or actions or situation of the competition.<br \/>\n\u2022 Romocean also believes that the impact of its activity on other interested parties should be positive for the entire company environment. Therefore, a permanent review and consideration of all the requirements that they propose will be maintained and the best way to comply with them will be sought, at all times.<\/p>\n<p>1.4. HR POLICIES<\/p>\n<p>\u2022 Romocean values its staff as a key asset of the company. Therefore, a relationship of attention and care with the staff will always be maintained, instilling in it the values of the family spirit that encourages the company.<br \/>\n\u2022 Romocean believes that only from co-responsibility can the relationship with workers be understood. Therefore, it will take initiatives in favor of their satisfaction, professional development and motivation with the project while waiting for an adequate level of response from the workers as a feedback.<br \/>\n\u2022 Romocean believes that job stability is an essential starting point to establish this type of relationship.<br \/>\n\u2022 Romocean considers that only worth and merit are factors to consider for promotion within the company.<br \/>\n\u2022 Romocean is committed to a philosophy of rigor, self-criticism and proactivity at work. These aspects of daily performance will be promoted and rewarded especially as a core value of the corporate culture.<br \/>\n\u2022 Romocean is committed to the continuous development of the capability and personality of all the members of its team. Therefore, a culture of participation and feedback from all processes will be promoted to take measures that involve constant progress in their efficiency.<br \/>\n\u2022 Romocean is committed to the explicitness and sharing of knowledge among all the members of the company as a way of mutual development. Therefore, the participation of all the staff will be promoted in the development of new procedures, in the analysis of detected incidents and will work, on an ongoing basis, with teams composed of staff from various roles to promote the transfer of knowledge between them.<br \/>\n\u2022 Romocean is committed to the promotion of its employees as a means of boosting jobs and promoting their active participation. For this, the principle of merit and capacity rules, according to the assessment of the management of the company and the job to be filled.<br \/>\n\u2022 Romocean is committed to the multifunctionality of jobs, in order to ensure the continuity of activities. Therefore, all jobs will be assigned main functions and secondary functions that ensure the efficient and continuous performance of all tasks.<\/p>\n<p>1.5. PRODUCTION POLICIES<\/p>\n<p>\u2022 Romocean is committed to measuring work efficiency to support the continuous improvement of production processes. For this, measurement and evaluation means will be established, with the participation of the entire team.<br \/>\n\u2022 Romocean, in the same vein, considers key to promote a culture of data recording as a way to make easy the exchange of information, the productive management of the organization&#8217;s knowledge and the improvement of all its processes. Therefore, the most appropriate information management tools will be provided in each case and the necessary training to use and manage them.<br \/>\n\u2022 Romocean considers key to completely plan the works as a way to ensure their efficiency. Therefore, the use of planning tools and methodologies will be promoted at all levels.<br \/>\n\u2022 Romocean adopts an express commitment to the quality of its service. Therefore, a rigorous control of compliance with the own standard and the requirements established by the customer will be maintained.<br \/>\n\u2022 Romocean also considers the satisfaction of its customers as a fundamental guide in the performance of both the commercial activity and in the provision of all its services. Therefore, a permanent attention must be kept to know perfectly both the requirements of the customers and their concerns and impressions regarding the service provided.<br \/>\n\u2022 Romocean considers teamwork as a fundamental formula for the development of all its activities. Therefore, attitudes of cooperation, collaboration, support, respect, knowledge sharing, etc. will be promoted.<\/p>\n<p>Signed Carlos Suria[\/et_pb_text][\/et_pb_column][\/et_pb_row][\/et_pb_section]<\/p>\n","protected":false},"excerpt":{"rendered":"<p>MANAGEMENT POLICIES \u2022 Romocean is in the way to achieve an efficient and advanced management model. To get to this goal, the most modern concepts will be continuously uploaded into our system that allow us to be at the forefront of the logistics sector. \u2022 Romocean considers necessary to base all its decisions on objective [&hellip;]<\/p>\n","protected":false},"author":9,"featured_media":0,"parent":0,"menu_order":0,"comment_status":"closed","ping_status":"closed","template":"","meta":{"_et_pb_use_builder":"on","_et_pb_old_content":"","_et_gb_content_width":"","footnotes":""},"class_list":["post-37735","page","type-page","status-publish","hentry"],"yoast_head":"<!-- This site is optimized with the Yoast SEO plugin v27.0 - https:\/\/yoast.com\/product\/yoast-seo-wordpress\/ -->\n<title>Quality policies - Romocean - Agente NVOCC para Espa\u00f1a y el Norte de \u00c1frica<\/title>\n<meta name=\"robots\" content=\"index, follow, max-snippet:-1, max-image-preview:large, max-video-preview:-1\" \/>\n<link rel=\"canonical\" href=\"https:\/\/romocean.com\/en\/policies\/\" \/>\n<meta property=\"og:locale\" content=\"en_US\" \/>\n<meta property=\"og:type\" content=\"article\" \/>\n<meta property=\"og:title\" content=\"Quality policies - Romocean - Agente NVOCC para Espa\u00f1a y el Norte de \u00c1frica\" \/>\n<meta property=\"og:description\" content=\"MANAGEMENT POLICIES \u2022 Romocean is in the way to achieve an efficient and advanced management model. To get to this goal, the most modern concepts will be continuously uploaded into our system that allow us to be at the forefront of the logistics sector. \u2022 Romocean considers necessary to base all its decisions on objective [&hellip;]\" \/>\n<meta property=\"og:url\" content=\"https:\/\/romocean.com\/en\/policies\/\" \/>\n<meta property=\"og:site_name\" content=\"Romocean - Agente NVOCC para Espa\u00f1a y el Norte de \u00c1frica\" \/>\n<meta property=\"article:modified_time\" content=\"2022-04-25T14:48:55+00:00\" \/>\n<meta name=\"twitter:card\" content=\"summary_large_image\" \/>\n<meta name=\"twitter:label1\" content=\"Est. reading time\" \/>\n\t<meta name=\"twitter:data1\" content=\"9 minutes\" \/>\n<script type=\"application\/ld+json\" class=\"yoast-schema-graph\">{\"@context\":\"https:\/\/schema.org\",\"@graph\":[{\"@type\":\"WebPage\",\"@id\":\"https:\/\/romocean.com\/en\/policies\/\",\"url\":\"https:\/\/romocean.com\/en\/policies\/\",\"name\":\"Quality policies - Romocean - Agente NVOCC para Espa\u00f1a y el Norte de \u00c1frica\",\"isPartOf\":{\"@id\":\"https:\/\/romocean.com\/#website\"},\"datePublished\":\"2022-03-27T10:49:41+00:00\",\"dateModified\":\"2022-04-25T14:48:55+00:00\",\"breadcrumb\":{\"@id\":\"https:\/\/romocean.com\/en\/policies\/#breadcrumb\"},\"inLanguage\":\"en-US\",\"potentialAction\":[{\"@type\":\"ReadAction\",\"target\":[\"https:\/\/romocean.com\/en\/policies\/\"]}]},{\"@type\":\"BreadcrumbList\",\"@id\":\"https:\/\/romocean.com\/en\/policies\/#breadcrumb\",\"itemListElement\":[{\"@type\":\"ListItem\",\"position\":1,\"name\":\"Portada\",\"item\":\"https:\/\/romocean.com\/en\/\"},{\"@type\":\"ListItem\",\"position\":2,\"name\":\"Quality policies\"}]},{\"@type\":\"WebSite\",\"@id\":\"https:\/\/romocean.com\/#website\",\"url\":\"https:\/\/romocean.com\/\",\"name\":\"Romocean - Agente NVOCC para Espa\u00f1a y el Norte de \u00c1frica\",\"description\":\"RomOcean es el mayor agente NVOCC (Non Vessel Operating Common Carrier) con la mayor oferta de servicios regulares de consolidaci\u00f3n mar\u00edtima para env\u00edos en representaci\u00f3n del consignatario de buques.\",\"potentialAction\":[{\"@type\":\"SearchAction\",\"target\":{\"@type\":\"EntryPoint\",\"urlTemplate\":\"https:\/\/romocean.com\/?s={search_term_string}\"},\"query-input\":{\"@type\":\"PropertyValueSpecification\",\"valueRequired\":true,\"valueName\":\"search_term_string\"}}],\"inLanguage\":\"en-US\"}]}<\/script>\n<!-- \/ Yoast SEO plugin. -->","yoast_head_json":{"title":"Quality policies - Romocean - Agente NVOCC para Espa\u00f1a y el Norte de \u00c1frica","robots":{"index":"index","follow":"follow","max-snippet":"max-snippet:-1","max-image-preview":"max-image-preview:large","max-video-preview":"max-video-preview:-1"},"canonical":"https:\/\/romocean.com\/en\/policies\/","og_locale":"en_US","og_type":"article","og_title":"Quality policies - Romocean - Agente NVOCC para Espa\u00f1a y el Norte de \u00c1frica","og_description":"MANAGEMENT POLICIES \u2022 Romocean is in the way to achieve an efficient and advanced management model. To get to this goal, the most modern concepts will be continuously uploaded into our system that allow us to be at the forefront of the logistics sector. \u2022 Romocean considers necessary to base all its decisions on objective [&hellip;]","og_url":"https:\/\/romocean.com\/en\/policies\/","og_site_name":"Romocean - Agente NVOCC para Espa\u00f1a y el Norte de \u00c1frica","article_modified_time":"2022-04-25T14:48:55+00:00","twitter_card":"summary_large_image","twitter_misc":{"Est. reading time":"9 minutes"},"schema":{"@context":"https:\/\/schema.org","@graph":[{"@type":"WebPage","@id":"https:\/\/romocean.com\/en\/policies\/","url":"https:\/\/romocean.com\/en\/policies\/","name":"Quality policies - Romocean - Agente NVOCC para Espa\u00f1a y el Norte de \u00c1frica","isPartOf":{"@id":"https:\/\/romocean.com\/#website"},"datePublished":"2022-03-27T10:49:41+00:00","dateModified":"2022-04-25T14:48:55+00:00","breadcrumb":{"@id":"https:\/\/romocean.com\/en\/policies\/#breadcrumb"},"inLanguage":"en-US","potentialAction":[{"@type":"ReadAction","target":["https:\/\/romocean.com\/en\/policies\/"]}]},{"@type":"BreadcrumbList","@id":"https:\/\/romocean.com\/en\/policies\/#breadcrumb","itemListElement":[{"@type":"ListItem","position":1,"name":"Portada","item":"https:\/\/romocean.com\/en\/"},{"@type":"ListItem","position":2,"name":"Quality policies"}]},{"@type":"WebSite","@id":"https:\/\/romocean.com\/#website","url":"https:\/\/romocean.com\/","name":"Romocean - Agente NVOCC para Espa\u00f1a y el Norte de \u00c1frica","description":"RomOcean es el mayor agente NVOCC (Non Vessel Operating Common Carrier) con la mayor oferta de servicios regulares de consolidaci\u00f3n mar\u00edtima para env\u00edos en representaci\u00f3n del consignatario de buques.","potentialAction":[{"@type":"SearchAction","target":{"@type":"EntryPoint","urlTemplate":"https:\/\/romocean.com\/?s={search_term_string}"},"query-input":{"@type":"PropertyValueSpecification","valueRequired":true,"valueName":"search_term_string"}}],"inLanguage":"en-US"}]}},"_links":{"self":[{"href":"https:\/\/romocean.com\/en\/wp-json\/wp\/v2\/pages\/37735","targetHints":{"allow":["GET"]}}],"collection":[{"href":"https:\/\/romocean.com\/en\/wp-json\/wp\/v2\/pages"}],"about":[{"href":"https:\/\/romocean.com\/en\/wp-json\/wp\/v2\/types\/page"}],"author":[{"embeddable":true,"href":"https:\/\/romocean.com\/en\/wp-json\/wp\/v2\/users\/9"}],"replies":[{"embeddable":true,"href":"https:\/\/romocean.com\/en\/wp-json\/wp\/v2\/comments?post=37735"}],"version-history":[{"count":9,"href":"https:\/\/romocean.com\/en\/wp-json\/wp\/v2\/pages\/37735\/revisions"}],"predecessor-version":[{"id":37879,"href":"https:\/\/romocean.com\/en\/wp-json\/wp\/v2\/pages\/37735\/revisions\/37879"}],"wp:attachment":[{"href":"https:\/\/romocean.com\/en\/wp-json\/wp\/v2\/media?parent=37735"}],"curies":[{"name":"wp","href":"https:\/\/api.w.org\/{rel}","templated":true}]}}