{"id":37407,"date":"2018-07-17T10:23:07","date_gmt":"2018-07-17T08:23:07","guid":{"rendered":"https:\/\/romocean.com\/morocco-westmed-service\/"},"modified":"2018-07-17T10:23:07","modified_gmt":"2018-07-17T08:23:07","slug":"morocco-westmed-service","status":"publish","type":"page","link":"https:\/\/romocean.com\/en\/morocco-westmed-service\/","title":{"rendered":"MOROCCO WESTMED SERVICE"},"content":{"rendered":"<p>[et_pb_section fb_built=&#8221;1&#8243; _builder_version=&#8221;4.4.8&#8243; custom_padding=&#8221;23px|0px|0|0px|false|false&#8221; hover_enabled=&#8221;0&#8243;][et_pb_row use_custom_gutter=&#8221;on&#8221; gutter_width=&#8221;1&#8243; disabled_on=&#8221;off|off|off&#8221; module_class=&#8221; et_pb_row_fullwidth&#8221; _builder_version=&#8221;4.4.8&#8243; width=&#8221;100%&#8221; width_tablet=&#8221;100%&#8221; width_phone=&#8221;&#8221; width_last_edited=&#8221;on|desktop&#8221; max_width=&#8221;100%&#8221; max_width_tablet=&#8221;100%&#8221; max_width_phone=&#8221;&#8221; max_width_last_edited=&#8221;on|desktop&#8221; custom_margin=&#8221;0px||0px||true|false&#8221; custom_padding=&#8221;0|0px|0px|0px|false|false&#8221; hover_enabled=&#8221;0&#8243; make_fullwidth=&#8221;on&#8221;][et_pb_column type=&#8221;4_4&#8243; _builder_version=&#8221;3.25&#8243; custom_padding=&#8221;|||&#8221; custom_padding__hover=&#8221;|||&#8221;][et_pb_image src=&#8221;https:\/\/romocean.com\/wp-content\/uploads\/2020\/07\/MWMS-3.jpg&#8221; alt=&#8221;MWMS NVOCC&#8221; title_text=&#8221;MWMS&#8221; align=&#8221;center&#8221; force_fullwidth=&#8221;on&#8221; align_tablet=&#8221;center&#8221; align_phone=&#8221;&#8221; align_last_edited=&#8221;on|desktop&#8221; _builder_version=&#8221;4.4.8&#8243; custom_margin=&#8221;-29px|||||&#8221; hover_enabled=&#8221;0&#8243;][\/et_pb_image][\/et_pb_column][\/et_pb_row][\/et_pb_section][et_pb_section fb_built=&#8221;1&#8243; _builder_version=&#8221;4.4.8&#8243; custom_padding=&#8221;35px||35px|||&#8221;][et_pb_row _builder_version=&#8221;4.4.8&#8243;][et_pb_column type=&#8221;4_4&#8243; _builder_version=&#8221;4.4.8&#8243;][et_pb_post_title meta=&#8221;off&#8221; featured_image=&#8221;off&#8221; _builder_version=&#8221;4.4.8&#8243; title_text_align=&#8221;center&#8221;][\/et_pb_post_title][\/et_pb_column][\/et_pb_row][\/et_pb_section][et_pb_section fb_built=&#8221;1&#8243; _builder_version=&#8221;4.4.8&#8243; custom_margin=&#8221;0px||0px||true|false&#8221; custom_padding=&#8221;0px||0px||true|false&#8221; hover_enabled=&#8221;0&#8243;][et_pb_row disabled_on=&#8221;off|off|off&#8221; _builder_version=&#8221;4.4.8&#8243; hover_enabled=&#8221;0&#8243;][et_pb_column type=&#8221;4_4&#8243; _builder_version=&#8221;3.25&#8243; custom_padding=&#8221;|||&#8221; custom_padding__hover=&#8221;|||&#8221;][et_pb_text _builder_version=&#8221;4.4.8&#8243; hover_enabled=&#8221;0&#8243;]<\/p>\n<table class=\"dcf-table dcf-table-responsive dcf-table-bordered dcf-table-striped dcf-w-100%\">\n<caption><\/caption>\n<thead>\n<tr>\n<th scope=\"col\" data-label=\"POL\">POL<\/th>\n<th scope=\"col\" data-label=\"POL COUNTRY\">POL COUNTRY<\/th>\n<th scope=\"col\" data-label=\"POD\">POD<\/th>\n<th scope=\"col\" data-label=\"POD COUNTRY\">POD COUNTRY<\/th>\n<th scope=\"col\" data-label=\"SERVICE\">SERVICE<\/th>\n<th scope=\"col\" data-label=\"TT\">TT<\/th>\n<\/tr>\n<\/thead>\n<tbody>\n<tr>\n<td data-label=\"POL\">VALENCIA<\/td>\n<td data-label=\"POL COUNTRY\">SPAIN<\/td>\n<td data-label=\"POD\">CASABLANCA<\/td>\n<td data-label=\"POD COUNTRY\">MOROCCO<\/td>\n<td data-label=\"SERVICE\">DIRECT<\/td>\n<td data-label=\"TT\">4<\/td>\n<\/tr>\n<tr>\n<td data-label=\"POL\">BARCELONA<\/td>\n<td data-label=\"POL COUNTRY\">SPAIN<\/td>\n<td data-label=\"POD\">CASABLANCA<\/td>\n<td data-label=\"POD COUNTRY\">MOROCCO<\/td>\n<td data-label=\"SERVICE\">DIRECT<\/td>\n<td data-label=\"TT\">4<\/td>\n<\/tr>\n<tr>\n<td data-label=\"POL\">ALGECIRAS<\/td>\n<td data-label=\"POL COUNTRY\">SPAIN<\/td>\n<td data-label=\"POD\">CASABLANCA<\/td>\n<td data-label=\"POD COUNTRY\">MOROCCO<\/td>\n<td data-label=\"SERVICE\">DIRECT<\/td>\n<td data-label=\"TT\">3<\/td>\n<\/tr>\n<tr>\n<td data-label=\"POL\"><\/td>\n<td data-label=\"POL COUNTRY\"><\/td>\n<td data-label=\"POD\"><\/td>\n<td data-label=\"POD COUNTRY\"><\/td>\n<td data-label=\"SERVICE\"><\/td>\n<td data-label=\"TT\"><\/td>\n<\/tr>\n<tr>\n<td data-label=\"POL\">CASABLANCA<\/td>\n<td data-label=\"POL COUNTRY\">MOROCCO<\/td>\n<td data-label=\"POD\">VALENCIA<\/td>\n<td data-label=\"POD COUNTRY\">SPAIN<\/td>\n<td data-label=\"SERVICE\">DIRECT<\/td>\n<td data-label=\"TT\"><\/td>\n<\/tr>\n<tr>\n<td data-label=\"POL\">CASABLANCA<\/td>\n<td data-label=\"POL COUNTRY\">MOROCCO<\/td>\n<td data-label=\"POD\">BARCELONA<\/td>\n<td data-label=\"POD COUNTRY\">SPAIN<\/td>\n<td data-label=\"SERVICE\">DIRECT<\/td>\n<td data-label=\"TT\"><\/td>\n<\/tr>\n<tr>\n<td data-label=\"POL\">CASABLANCA<\/td>\n<td data-label=\"POL COUNTRY\">MOROCCO<\/td>\n<td data-label=\"POD\">ALGECIRAS<\/td>\n<td data-label=\"POD COUNTRY\">SPAIN<\/td>\n<td data-label=\"SERVICE\">DIRECT<\/td>\n<td data-label=\"TT\"><\/td>\n<\/tr>\n<\/tbody>\n<\/table>\n<p>[\/et_pb_text][\/et_pb_column][\/et_pb_row][\/et_pb_section]<\/p>\n","protected":false},"excerpt":{"rendered":"<p>POL POL COUNTRY POD POD COUNTRY SERVICE TT VALENCIA SPAIN CASABLANCA MOROCCO DIRECT 4 BARCELONA SPAIN CASABLANCA MOROCCO DIRECT 4 ALGECIRAS SPAIN CASABLANCA MOROCCO DIRECT 3 CASABLANCA MOROCCO VALENCIA SPAIN DIRECT CASABLANCA MOROCCO BARCELONA SPAIN DIRECT CASABLANCA MOROCCO ALGECIRAS SPAIN DIRECT<\/p>\n","protected":false},"author":5,"featured_media":0,"parent":0,"menu_order":0,"comment_status":"closed","ping_status":"closed","template":"","meta":{"_et_pb_use_builder":"on","_et_pb_old_content":"","_et_gb_content_width":"","footnotes":""},"class_list":["post-37407","page","type-page","status-publish","hentry"],"yoast_head":"<!-- This site is optimized with the Yoast SEO plugin v27.0 - https:\/\/yoast.com\/product\/yoast-seo-wordpress\/ -->\n<title>MOROCCO WESTMED SERVICE - Romocean - Agente NVOCC para Espa\u00f1a y el Norte de \u00c1frica<\/title>\n<meta name=\"robots\" content=\"index, follow, max-snippet:-1, max-image-preview:large, max-video-preview:-1\" \/>\n<link rel=\"canonical\" href=\"https:\/\/romocean.com\/en\/morocco-westmed-service\/\" \/>\n<meta property=\"og:locale\" content=\"en_US\" \/>\n<meta property=\"og:type\" content=\"article\" \/>\n<meta property=\"og:title\" content=\"MOROCCO WESTMED SERVICE - Romocean - Agente NVOCC para Espa\u00f1a y el Norte de \u00c1frica\" \/>\n<meta property=\"og:description\" content=\"POL POL COUNTRY POD POD COUNTRY SERVICE TT VALENCIA SPAIN CASABLANCA MOROCCO DIRECT 4 BARCELONA SPAIN CASABLANCA MOROCCO DIRECT 4 ALGECIRAS SPAIN CASABLANCA MOROCCO DIRECT 3 CASABLANCA MOROCCO VALENCIA SPAIN DIRECT CASABLANCA MOROCCO BARCELONA SPAIN DIRECT CASABLANCA MOROCCO ALGECIRAS SPAIN DIRECT\" \/>\n<meta property=\"og:url\" content=\"https:\/\/romocean.com\/en\/morocco-westmed-service\/\" \/>\n<meta property=\"og:site_name\" content=\"Romocean - Agente NVOCC para Espa\u00f1a y el Norte de \u00c1frica\" \/>\n<meta name=\"twitter:card\" content=\"summary_large_image\" \/>\n<meta name=\"twitter:label1\" content=\"Est. reading time\" \/>\n\t<meta name=\"twitter:data1\" content=\"1 minute\" \/>\n<script type=\"application\/ld+json\" class=\"yoast-schema-graph\">{\"@context\":\"https:\/\/schema.org\",\"@graph\":[{\"@type\":\"WebPage\",\"@id\":\"https:\/\/romocean.com\/en\/morocco-westmed-service\/\",\"url\":\"https:\/\/romocean.com\/en\/morocco-westmed-service\/\",\"name\":\"MOROCCO WESTMED SERVICE - Romocean - Agente NVOCC para Espa\u00f1a y el Norte de \u00c1frica\",\"isPartOf\":{\"@id\":\"https:\/\/romocean.com\/#website\"},\"datePublished\":\"2018-07-17T08:23:07+00:00\",\"breadcrumb\":{\"@id\":\"https:\/\/romocean.com\/en\/morocco-westmed-service\/#breadcrumb\"},\"inLanguage\":\"en-US\",\"potentialAction\":[{\"@type\":\"ReadAction\",\"target\":[\"https:\/\/romocean.com\/en\/morocco-westmed-service\/\"]}]},{\"@type\":\"BreadcrumbList\",\"@id\":\"https:\/\/romocean.com\/en\/morocco-westmed-service\/#breadcrumb\",\"itemListElement\":[{\"@type\":\"ListItem\",\"position\":1,\"name\":\"Portada\",\"item\":\"https:\/\/romocean.com\/en\/\"},{\"@type\":\"ListItem\",\"position\":2,\"name\":\"MOROCCO WESTMED SERVICE\"}]},{\"@type\":\"WebSite\",\"@id\":\"https:\/\/romocean.com\/#website\",\"url\":\"https:\/\/romocean.com\/\",\"name\":\"Romocean - Agente NVOCC para Espa\u00f1a y el Norte de \u00c1frica\",\"description\":\"RomOcean es el mayor agente NVOCC (Non Vessel Operating Common Carrier) con la mayor oferta de servicios regulares de consolidaci\u00f3n mar\u00edtima para env\u00edos en representaci\u00f3n del consignatario de buques.\",\"potentialAction\":[{\"@type\":\"SearchAction\",\"target\":{\"@type\":\"EntryPoint\",\"urlTemplate\":\"https:\/\/romocean.com\/?s={search_term_string}\"},\"query-input\":{\"@type\":\"PropertyValueSpecification\",\"valueRequired\":true,\"valueName\":\"search_term_string\"}}],\"inLanguage\":\"en-US\"}]}<\/script>\n<!-- \/ Yoast SEO plugin. -->","yoast_head_json":{"title":"MOROCCO WESTMED SERVICE - Romocean - Agente NVOCC para Espa\u00f1a y el Norte de \u00c1frica","robots":{"index":"index","follow":"follow","max-snippet":"max-snippet:-1","max-image-preview":"max-image-preview:large","max-video-preview":"max-video-preview:-1"},"canonical":"https:\/\/romocean.com\/en\/morocco-westmed-service\/","og_locale":"en_US","og_type":"article","og_title":"MOROCCO WESTMED SERVICE - Romocean - Agente NVOCC para Espa\u00f1a y el Norte de \u00c1frica","og_description":"POL POL COUNTRY POD POD COUNTRY SERVICE TT VALENCIA SPAIN CASABLANCA MOROCCO DIRECT 4 BARCELONA SPAIN CASABLANCA MOROCCO DIRECT 4 ALGECIRAS SPAIN CASABLANCA MOROCCO DIRECT 3 CASABLANCA MOROCCO VALENCIA SPAIN DIRECT CASABLANCA MOROCCO BARCELONA SPAIN DIRECT CASABLANCA MOROCCO ALGECIRAS SPAIN DIRECT","og_url":"https:\/\/romocean.com\/en\/morocco-westmed-service\/","og_site_name":"Romocean - Agente NVOCC para Espa\u00f1a y el Norte de \u00c1frica","twitter_card":"summary_large_image","twitter_misc":{"Est. reading time":"1 minute"},"schema":{"@context":"https:\/\/schema.org","@graph":[{"@type":"WebPage","@id":"https:\/\/romocean.com\/en\/morocco-westmed-service\/","url":"https:\/\/romocean.com\/en\/morocco-westmed-service\/","name":"MOROCCO WESTMED SERVICE - Romocean - Agente NVOCC para Espa\u00f1a y el Norte de \u00c1frica","isPartOf":{"@id":"https:\/\/romocean.com\/#website"},"datePublished":"2018-07-17T08:23:07+00:00","breadcrumb":{"@id":"https:\/\/romocean.com\/en\/morocco-westmed-service\/#breadcrumb"},"inLanguage":"en-US","potentialAction":[{"@type":"ReadAction","target":["https:\/\/romocean.com\/en\/morocco-westmed-service\/"]}]},{"@type":"BreadcrumbList","@id":"https:\/\/romocean.com\/en\/morocco-westmed-service\/#breadcrumb","itemListElement":[{"@type":"ListItem","position":1,"name":"Portada","item":"https:\/\/romocean.com\/en\/"},{"@type":"ListItem","position":2,"name":"MOROCCO WESTMED SERVICE"}]},{"@type":"WebSite","@id":"https:\/\/romocean.com\/#website","url":"https:\/\/romocean.com\/","name":"Romocean - Agente NVOCC para Espa\u00f1a y el Norte de \u00c1frica","description":"RomOcean es el mayor agente NVOCC (Non Vessel Operating Common Carrier) con la mayor oferta de servicios regulares de consolidaci\u00f3n mar\u00edtima para env\u00edos en representaci\u00f3n del consignatario de buques.","potentialAction":[{"@type":"SearchAction","target":{"@type":"EntryPoint","urlTemplate":"https:\/\/romocean.com\/?s={search_term_string}"},"query-input":{"@type":"PropertyValueSpecification","valueRequired":true,"valueName":"search_term_string"}}],"inLanguage":"en-US"}]}},"_links":{"self":[{"href":"https:\/\/romocean.com\/en\/wp-json\/wp\/v2\/pages\/37407","targetHints":{"allow":["GET"]}}],"collection":[{"href":"https:\/\/romocean.com\/en\/wp-json\/wp\/v2\/pages"}],"about":[{"href":"https:\/\/romocean.com\/en\/wp-json\/wp\/v2\/types\/page"}],"author":[{"embeddable":true,"href":"https:\/\/romocean.com\/en\/wp-json\/wp\/v2\/users\/5"}],"replies":[{"embeddable":true,"href":"https:\/\/romocean.com\/en\/wp-json\/wp\/v2\/comments?post=37407"}],"version-history":[{"count":0,"href":"https:\/\/romocean.com\/en\/wp-json\/wp\/v2\/pages\/37407\/revisions"}],"wp:attachment":[{"href":"https:\/\/romocean.com\/en\/wp-json\/wp\/v2\/media?parent=37407"}],"curies":[{"name":"wp","href":"https:\/\/api.w.org\/{rel}","templated":true}]}}