{"id":37404,"date":"2018-07-17T10:07:15","date_gmt":"2018-07-17T08:07:15","guid":{"rendered":"https:\/\/romocean.com\/argelia-westmed-service\/"},"modified":"2018-07-17T10:07:15","modified_gmt":"2018-07-17T08:07:15","slug":"argelia-westmed-service","status":"publish","type":"page","link":"https:\/\/romocean.com\/en\/argelia-westmed-service\/","title":{"rendered":"ARGELIA WESTMED SERVICE"},"content":{"rendered":"<p>[et_pb_section fb_built=&#8221;1&#8243; _builder_version=&#8221;4.4.8&#8243; background_enable_image=&#8221;off&#8221; parallax=&#8221;on&#8221; custom_margin=&#8221;0px||0px||true|false&#8221; custom_padding=&#8221;0px|0px|0px|0px|true|false&#8221; hover_enabled=&#8221;0&#8243;][et_pb_row use_custom_gutter=&#8221;on&#8221; gutter_width=&#8221;1&#8243; disabled_on=&#8221;off|off|off&#8221; module_class=&#8221; et_pb_row_fullwidth&#8221; _builder_version=&#8221;4.4.8&#8243; width=&#8221;100%&#8221; width_tablet=&#8221;100%&#8221; width_phone=&#8221;&#8221; width_last_edited=&#8221;on|desktop&#8221; max_width=&#8221;100%&#8221; max_width_tablet=&#8221;100%&#8221; max_width_phone=&#8221;&#8221; max_width_last_edited=&#8221;on|desktop&#8221; custom_margin=&#8221;0px||0px||true|false&#8221; custom_padding=&#8221;0|0px|0px|0px|false|false&#8221; hover_enabled=&#8221;0&#8243; make_fullwidth=&#8221;on&#8221;][et_pb_column type=&#8221;4_4&#8243; _builder_version=&#8221;4.4.8&#8243; custom_padding=&#8221;0px||0px||true|false&#8221; custom_padding__hover=&#8221;|||&#8221;][et_pb_image src=&#8221;https:\/\/romocean.com\/wp-content\/uploads\/2020\/07\/AWMS-1.jpg&#8221; alt=&#8221;AWMS &#8211; NVOCC&#8221; title_text=&#8221;AWMS &#8211; NVOCC&#8221; align=&#8221;center&#8221; force_fullwidth=&#8221;on&#8221; align_tablet=&#8221;center&#8221; align_phone=&#8221;&#8221; align_last_edited=&#8221;on|desktop&#8221; _builder_version=&#8221;4.4.8&#8243; background_enable_color=&#8221;off&#8221; use_background_color_gradient=&#8221;on&#8221; background_color_gradient_start=&#8221;rgba(234,182,49,0.53)&#8221; background_color_gradient_end=&#8221;rgba(43,135,218,0.48)&#8221; background_color_gradient_overlays_image=&#8221;on&#8221; background_enable_image=&#8221;off&#8221; parallax=&#8221;on&#8221; custom_margin=&#8221;0px||0px||true|false&#8221; custom_padding=&#8221;0px||0px||true|false&#8221; hover_enabled=&#8221;0&#8243;][\/et_pb_image][\/et_pb_column][\/et_pb_row][\/et_pb_section][et_pb_section fb_built=&#8221;1&#8243; custom_padding_last_edited=&#8221;on|phone&#8221; _builder_version=&#8221;4.4.8&#8243; custom_padding=&#8221;35px||35px|||&#8221; custom_padding_tablet=&#8221;35px||0px||false|false&#8221; custom_padding_phone=&#8221;35px||0px||false|false&#8221; collapsed=&#8221;on&#8221;][et_pb_row _builder_version=&#8221;4.4.8&#8243;][et_pb_column type=&#8221;4_4&#8243; _builder_version=&#8221;4.4.8&#8243;][et_pb_post_title meta=&#8221;off&#8221; featured_image=&#8221;off&#8221; _builder_version=&#8221;4.4.8&#8243; title_text_align=&#8221;center&#8221;][\/et_pb_post_title][\/et_pb_column][\/et_pb_row][\/et_pb_section][et_pb_section fb_built=&#8221;1&#8243; _builder_version=&#8221;4.4.8&#8243; custom_padding=&#8221;35px|0|35px|0px|true|false&#8221; hover_enabled=&#8221;0&#8243; collapsed=&#8221;on&#8221;][et_pb_row disabled_on=&#8221;off|off|off&#8221; _builder_version=&#8221;4.4.8&#8243; custom_margin=&#8221;0px||0px||false|false&#8221; custom_padding=&#8221;0px||0px||false|false&#8221; hover_enabled=&#8221;0&#8243;][et_pb_column type=&#8221;4_4&#8243; _builder_version=&#8221;3.25&#8243; custom_padding=&#8221;|||&#8221; custom_padding__hover=&#8221;|||&#8221;][et_pb_text content_tablet=&#8221;&#8221; content_phone=&#8221;<\/p>\n<table class=%22dcf-table dcf-table-responsive dcf-table-bordered dcf-table-striped dcf-w-100%%22>\n<caption><\/caption>\n<thead>\n<tr>\n<th scope=%22col%22 data-label=%22POL%22>POL<\/th>\n<th scope=%22col%22 data-label=%22POL COUNTRY%22>POL COUNTRY<\/th>\n<th scope=%22col%22 data-label=%22POD%22>POD<\/th>\n<th scope=%22col%22 data-label=%22POD COUNTRY%22>POD COUNTRY<\/th>\n<th scope=%22col%22 data-label=%22SERVICE%22>SERVICE<\/th>\n<th scope=%22col%22 data-label=%22TT%22>TT<\/th>\n<\/tr>\n<\/thead>\n<tbody>\n<tr>\n<td data-label=%22POL%22>VALENCIA<\/td>\n<td data-label=%22POL COUNTRY%22>SPAIN<\/td>\n<td data-label=%22POD%22>ARGEL<\/td>\n<td data-label=%22POD COUNTRY%22>ARGELIA<\/td>\n<td data-label=%22SERVICE%22>DIRECT<\/td>\n<td data-label=%22TT%22><\/td>\n<\/tr>\n<tr>\n<td data-label=%22POL%22>BARCELONA<\/td>\n<td data-label=%22POL COUNTRY%22>SPAIN<\/td>\n<td data-label=%22POD%22>ARGEL<\/td>\n<td data-label=%22POD COUNTRY%22>ARGELIA<\/td>\n<td data-label=%22SERVICE%22>DIRECT<\/td>\n<td data-label=%22TT%22><\/td>\n<\/tr>\n<tr>\n<td data-label=%22POL%22>VALENCIA<\/td>\n<td data-label=%22POL COUNTRY%22>SPAIN<\/td>\n<td data-label=%22POD%22>ORAN<\/td>\n<td data-label=%22POD COUNTRY%22>ARGELIA<\/td>\n<td data-label=%22SERVICE%22>DIRECT<\/td>\n<td data-label=%22TT%22><\/td>\n<\/tr>\n<tr>\n<td data-label=%22POL%22>BARCELONA<\/td>\n<td data-label=%22POL COUNTRY%22>SPAIN<\/td>\n<td data-label=%22POD%22>ORAN<\/td>\n<td data-label=%22POD COUNTRY%22>ARGELIA<\/td>\n<td data-label=%22SERVICE%22>DIRECT<\/td>\n<td data-label=%22TT%22><\/td>\n<\/tr>\n<tr>\n<td data-label=%22POL%22><\/td>\n<td data-label=%22POL COUNTRY%22><\/td>\n<td data-label=%22POD%22><\/td>\n<td data-label=%22POD COUNTRY%22><\/td>\n<td data-label=%22SERVICE%22><\/td>\n<td data-label=%22TT%22><\/td>\n<\/tr>\n<tr>\n<td data-label=%22POL%22>ARGEL<\/td>\n<td data-label=%22POL COUNTRY%22>ARGELIA<\/td>\n<td data-label=%22POD%22>VALENCIA<\/td>\n<td data-label=%22POD COUNTRY%22>SPAIN<\/td>\n<td data-label=%22SERVICE%22>DIRECT<\/td>\n<td data-label=%22TT%22><\/td>\n<\/tr>\n<tr>\n<td data-label=%22POL%22>ARGEL<\/td>\n<td data-label=%22POL COUNTRY%22>ARGELIA<\/td>\n<td data-label=%22POD%22>BARCELONA<\/td>\n<td data-label=%22POD COUNTRY%22>SPAIN<\/td>\n<td data-label=%22SERVICE%22>DIRECT<\/td>\n<td data-label=%22TT%22><\/td>\n<\/tr>\n<tr>\n<td data-label=%22POL%22>ORAN<\/td>\n<td data-label=%22POL COUNTRY%22>ARGELIA<\/td>\n<td data-label=%22POD%22>VALENCIA<\/td>\n<td data-label=%22POD COUNTRY%22>SPAIN<\/td>\n<td data-label=%22SERVICE%22>DIRECT<\/td>\n<td data-label=%22TT%22><\/td>\n<\/tr>\n<tr>\n<td data-label=%22POL%22>ORAN<\/td>\n<td data-label=%22POL COUNTRY%22>ARGELIA<\/td>\n<td data-label=%22POD%22>BARCELONA<\/td>\n<td data-label=%22POD COUNTRY%22>SPAIN<\/td>\n<td data-label=%22SERVICE%22>DIRECT<\/td>\n<td data-label=%22TT%22><\/td>\n<\/tr>\n<\/tbody>\n<\/table>\n<p>&#8221; content_last_edited=&#8221;on|phone&#8221; _builder_version=&#8221;4.4.8&#8243; hover_enabled=&#8221;0&#8243; custom_css_main_element_last_edited=&#8221;off|phone&#8221; custom_css_main_element__hover_enabled=&#8221;off|desktop&#8221;]<\/p>\n<table id=\"table-awms\" class=\"awms\" data-ruleset=\"rs_awms\">\n<tbody>\n<tr class=\"tabrow \">\n<td class=\"tabcol\">POL<\/td>\n<td class=\"tabcol\">POL COUNTRY<\/td>\n<td class=\"tabcol\">POD<\/td>\n<td class=\"tabcol\">POD COUNTRY<\/td>\n<td class=\"tabcol\">SERVICE<\/td>\n<\/tr>\n<tr class=\"tabrow \">\n<td class=\"tabcol\">VALENCIA<\/td>\n<td class=\"tabcol\">SPAIN<\/td>\n<td class=\"tabcol\">ARGEL<\/td>\n<td class=\"tabcol\">ARGELIA<\/td>\n<td class=\"tabcol\">DIRECT<\/td>\n<\/tr>\n<tr class=\"tabrow \">\n<td class=\"tabcol\">BARCELONA<\/td>\n<td class=\"tabcol\">SPAIN<\/td>\n<td class=\"tabcol\">ARGEL<\/td>\n<td class=\"tabcol\">ARGELIA<\/td>\n<td class=\"tabcol\">DIRECT<\/td>\n<\/tr>\n<tr class=\"tabrow \">\n<td class=\"tabcol\">VALENCIA<\/td>\n<td class=\"tabcol\">SPAIN<\/td>\n<td class=\"tabcol\">ORAN<\/td>\n<td class=\"tabcol\">ARGELIA<\/td>\n<td class=\"tabcol\">DIRECT<\/td>\n<\/tr>\n<tr class=\"tabrow \">\n<td class=\"tabcol\">BARCELONA<\/td>\n<td class=\"tabcol\">SPAIN<\/td>\n<td class=\"tabcol\">ORAN<\/td>\n<td class=\"tabcol\">ARGELIA<\/td>\n<td class=\"tabcol\">DIRECT<\/td>\n<\/tr>\n<tr class=\"tabrow \">\n<td class=\"tabcol\">ARGEL<\/td>\n<td class=\"tabcol\">ARGELIA<\/td>\n<td class=\"tabcol\">VALENCIA<\/td>\n<td class=\"tabcol\">SPAIN<\/td>\n<td class=\"tabcol\">DIRECT<\/td>\n<\/tr>\n<tr class=\"tabrow \">\n<td class=\"tabcol\">ARGEL<\/td>\n<td class=\"tabcol\">ARGELIA<\/td>\n<td class=\"tabcol\">BARCELONA<\/td>\n<td class=\"tabcol\">SPAIN<\/td>\n<td class=\"tabcol\">DIRECT<\/td>\n<\/tr>\n<tr class=\"tabrow \">\n<td class=\"tabcol\">ORAN<\/td>\n<td class=\"tabcol\">ARGELIA<\/td>\n<td class=\"tabcol\">VALENCIA<\/td>\n<td class=\"tabcol\">SPAIN<\/td>\n<td class=\"tabcol\">DIRECT<\/td>\n<\/tr>\n<tr class=\"tabrow \">\n<td class=\"tabcol\">ORAN<\/td>\n<td class=\"tabcol\">ARGELIA<\/td>\n<td class=\"tabcol\">BARCELONA<\/td>\n<td class=\"tabcol\">SPAIN<\/td>\n<td class=\"tabcol\">DIRECT<\/td>\n<\/tr>\n<\/tbody>\n<\/table>\n<p>[\/et_pb_text][\/et_pb_column][\/et_pb_row][\/et_pb_section]<\/p>\n","protected":false},"excerpt":{"rendered":"<p>POLPOL COUNTRYPODPOD COUNTRYSERVICE VALENCIASPAINARGELARGELIADIRECT BARCELONASPAINARGELARGELIADIRECT VALENCIASPAINORANARGELIADIRECT BARCELONASPAINORANARGELIADIRECT ARGELARGELIAVALENCIASPAINDIRECT ARGELARGELIABARCELONASPAINDIRECT ORANARGELIAVALENCIASPAINDIRECT ORANARGELIABARCELONASPAINDIRECT<\/p>\n","protected":false},"author":5,"featured_media":0,"parent":0,"menu_order":0,"comment_status":"closed","ping_status":"closed","template":"","meta":{"_et_pb_use_builder":"on","_et_pb_old_content":"","_et_gb_content_width":"","footnotes":""},"class_list":["post-37404","page","type-page","status-publish","hentry"],"yoast_head":"<!-- This site is optimized with the Yoast SEO plugin v27.0 - https:\/\/yoast.com\/product\/yoast-seo-wordpress\/ -->\n<title>ARGELIA WESTMED SERVICE - Romocean - Agente NVOCC para Espa\u00f1a y el Norte de \u00c1frica<\/title>\n<meta name=\"robots\" content=\"index, follow, max-snippet:-1, max-image-preview:large, max-video-preview:-1\" \/>\n<link rel=\"canonical\" href=\"https:\/\/romocean.com\/en\/argelia-westmed-service\/\" \/>\n<meta property=\"og:locale\" content=\"en_US\" \/>\n<meta property=\"og:type\" content=\"article\" \/>\n<meta property=\"og:title\" content=\"ARGELIA WESTMED SERVICE - Romocean - Agente NVOCC para Espa\u00f1a y el Norte de \u00c1frica\" \/>\n<meta property=\"og:description\" content=\"POLPOL COUNTRYPODPOD COUNTRYSERVICE VALENCIASPAINARGELARGELIADIRECT BARCELONASPAINARGELARGELIADIRECT VALENCIASPAINORANARGELIADIRECT BARCELONASPAINORANARGELIADIRECT ARGELARGELIAVALENCIASPAINDIRECT ARGELARGELIABARCELONASPAINDIRECT ORANARGELIAVALENCIASPAINDIRECT ORANARGELIABARCELONASPAINDIRECT\" \/>\n<meta property=\"og:url\" content=\"https:\/\/romocean.com\/en\/argelia-westmed-service\/\" \/>\n<meta property=\"og:site_name\" content=\"Romocean - Agente NVOCC para Espa\u00f1a y el Norte de \u00c1frica\" \/>\n<meta name=\"twitter:card\" content=\"summary_large_image\" \/>\n<meta name=\"twitter:label1\" content=\"Est. reading time\" \/>\n\t<meta name=\"twitter:data1\" content=\"2 minutes\" \/>\n<script type=\"application\/ld+json\" class=\"yoast-schema-graph\">{\"@context\":\"https:\/\/schema.org\",\"@graph\":[{\"@type\":\"WebPage\",\"@id\":\"https:\/\/romocean.com\/en\/argelia-westmed-service\/\",\"url\":\"https:\/\/romocean.com\/en\/argelia-westmed-service\/\",\"name\":\"ARGELIA WESTMED SERVICE - Romocean - Agente NVOCC para Espa\u00f1a y el Norte de \u00c1frica\",\"isPartOf\":{\"@id\":\"https:\/\/romocean.com\/#website\"},\"datePublished\":\"2018-07-17T08:07:15+00:00\",\"breadcrumb\":{\"@id\":\"https:\/\/romocean.com\/en\/argelia-westmed-service\/#breadcrumb\"},\"inLanguage\":\"en-US\",\"potentialAction\":[{\"@type\":\"ReadAction\",\"target\":[\"https:\/\/romocean.com\/en\/argelia-westmed-service\/\"]}]},{\"@type\":\"BreadcrumbList\",\"@id\":\"https:\/\/romocean.com\/en\/argelia-westmed-service\/#breadcrumb\",\"itemListElement\":[{\"@type\":\"ListItem\",\"position\":1,\"name\":\"Portada\",\"item\":\"https:\/\/romocean.com\/en\/\"},{\"@type\":\"ListItem\",\"position\":2,\"name\":\"ARGELIA WESTMED SERVICE\"}]},{\"@type\":\"WebSite\",\"@id\":\"https:\/\/romocean.com\/#website\",\"url\":\"https:\/\/romocean.com\/\",\"name\":\"Romocean - Agente NVOCC para Espa\u00f1a y el Norte de \u00c1frica\",\"description\":\"RomOcean es el mayor agente NVOCC (Non Vessel Operating Common Carrier) con la mayor oferta de servicios regulares de consolidaci\u00f3n mar\u00edtima para env\u00edos en representaci\u00f3n del consignatario de buques.\",\"potentialAction\":[{\"@type\":\"SearchAction\",\"target\":{\"@type\":\"EntryPoint\",\"urlTemplate\":\"https:\/\/romocean.com\/?s={search_term_string}\"},\"query-input\":{\"@type\":\"PropertyValueSpecification\",\"valueRequired\":true,\"valueName\":\"search_term_string\"}}],\"inLanguage\":\"en-US\"}]}<\/script>\n<!-- \/ Yoast SEO plugin. -->","yoast_head_json":{"title":"ARGELIA WESTMED SERVICE - Romocean - Agente NVOCC para Espa\u00f1a y el Norte de \u00c1frica","robots":{"index":"index","follow":"follow","max-snippet":"max-snippet:-1","max-image-preview":"max-image-preview:large","max-video-preview":"max-video-preview:-1"},"canonical":"https:\/\/romocean.com\/en\/argelia-westmed-service\/","og_locale":"en_US","og_type":"article","og_title":"ARGELIA WESTMED SERVICE - Romocean - Agente NVOCC para Espa\u00f1a y el Norte de \u00c1frica","og_description":"POLPOL COUNTRYPODPOD COUNTRYSERVICE VALENCIASPAINARGELARGELIADIRECT BARCELONASPAINARGELARGELIADIRECT VALENCIASPAINORANARGELIADIRECT BARCELONASPAINORANARGELIADIRECT ARGELARGELIAVALENCIASPAINDIRECT ARGELARGELIABARCELONASPAINDIRECT ORANARGELIAVALENCIASPAINDIRECT ORANARGELIABARCELONASPAINDIRECT","og_url":"https:\/\/romocean.com\/en\/argelia-westmed-service\/","og_site_name":"Romocean - Agente NVOCC para Espa\u00f1a y el Norte de \u00c1frica","twitter_card":"summary_large_image","twitter_misc":{"Est. reading time":"2 minutes"},"schema":{"@context":"https:\/\/schema.org","@graph":[{"@type":"WebPage","@id":"https:\/\/romocean.com\/en\/argelia-westmed-service\/","url":"https:\/\/romocean.com\/en\/argelia-westmed-service\/","name":"ARGELIA WESTMED SERVICE - Romocean - Agente NVOCC para Espa\u00f1a y el Norte de \u00c1frica","isPartOf":{"@id":"https:\/\/romocean.com\/#website"},"datePublished":"2018-07-17T08:07:15+00:00","breadcrumb":{"@id":"https:\/\/romocean.com\/en\/argelia-westmed-service\/#breadcrumb"},"inLanguage":"en-US","potentialAction":[{"@type":"ReadAction","target":["https:\/\/romocean.com\/en\/argelia-westmed-service\/"]}]},{"@type":"BreadcrumbList","@id":"https:\/\/romocean.com\/en\/argelia-westmed-service\/#breadcrumb","itemListElement":[{"@type":"ListItem","position":1,"name":"Portada","item":"https:\/\/romocean.com\/en\/"},{"@type":"ListItem","position":2,"name":"ARGELIA WESTMED SERVICE"}]},{"@type":"WebSite","@id":"https:\/\/romocean.com\/#website","url":"https:\/\/romocean.com\/","name":"Romocean - Agente NVOCC para Espa\u00f1a y el Norte de \u00c1frica","description":"RomOcean es el mayor agente NVOCC (Non Vessel Operating Common Carrier) con la mayor oferta de servicios regulares de consolidaci\u00f3n mar\u00edtima para env\u00edos en representaci\u00f3n del consignatario de buques.","potentialAction":[{"@type":"SearchAction","target":{"@type":"EntryPoint","urlTemplate":"https:\/\/romocean.com\/?s={search_term_string}"},"query-input":{"@type":"PropertyValueSpecification","valueRequired":true,"valueName":"search_term_string"}}],"inLanguage":"en-US"}]}},"_links":{"self":[{"href":"https:\/\/romocean.com\/en\/wp-json\/wp\/v2\/pages\/37404","targetHints":{"allow":["GET"]}}],"collection":[{"href":"https:\/\/romocean.com\/en\/wp-json\/wp\/v2\/pages"}],"about":[{"href":"https:\/\/romocean.com\/en\/wp-json\/wp\/v2\/types\/page"}],"author":[{"embeddable":true,"href":"https:\/\/romocean.com\/en\/wp-json\/wp\/v2\/users\/5"}],"replies":[{"embeddable":true,"href":"https:\/\/romocean.com\/en\/wp-json\/wp\/v2\/comments?post=37404"}],"version-history":[{"count":0,"href":"https:\/\/romocean.com\/en\/wp-json\/wp\/v2\/pages\/37404\/revisions"}],"wp:attachment":[{"href":"https:\/\/romocean.com\/en\/wp-json\/wp\/v2\/media?parent=37404"}],"curies":[{"name":"wp","href":"https:\/\/api.w.org\/{rel}","templated":true}]}}